{"id":4519,"date":"2022-10-27T09:16:30","date_gmt":"2022-10-27T07:16:30","guid":{"rendered":"https:\/\/www.kmagroupbv.com\/ruckgabepolitik\/"},"modified":"2022-10-31T14:44:46","modified_gmt":"2022-10-31T13:44:46","slug":"ruckgabepolitik","status":"publish","type":"page","link":"https:\/\/www.kmagroupbv.com\/de\/ruckgabepolitik\/","title":{"rendered":"R\u00fcckgabepolitik"},"content":{"rendered":"\t\t<div data-elementor-type=\"wp-page\" data-elementor-id=\"4519\" class=\"elementor elementor-4519\">\n\t\t\t\t\t\t<section class=\"elementor-section elementor-top-section elementor-element elementor-element-78d8d91 elementor-section-boxed elementor-section-height-default elementor-section-height-default\" data-id=\"78d8d91\" data-element_type=\"section\">\n\t\t\t\t\t\t<div class=\"elementor-container elementor-column-gap-default\">\n\t\t\t\t\t<div class=\"elementor-column elementor-col-100 elementor-top-column elementor-element elementor-element-6f22d96\" data-id=\"6f22d96\" data-element_type=\"column\">\n\t\t\t<div class=\"elementor-column-wrap--6f22d96 elementor-widget-wrap elementor-element-populated\">\n\t\t\t\t\t\t<div class=\"elementor-element elementor-element-58c3c15 elementor-widget elementor-widget-text-editor\" data-id=\"58c3c15\" data-element_type=\"widget\" data-widget_type=\"text-editor.default\">\n\t\t\t\t<div class=\"elementor-widget-container\">\n\t\t\t\t\t\t\t\t\t<p>Sie k\u00f6nnen die Ware bis zu 14 Tage nach Erhalt kostenlos zur\u00fccksenden. Nach dem Widerruf haben Sie noch 14 Tage Zeit, Ihr Produkt zur\u00fcckzugeben. Sie erhalten dann eine Gutschrift \u00fcber den vollen Bestellbetrag einschlie\u00dflich Versandkosten. Lediglich die Kosten f\u00fcr die R\u00fccksendung an den Online-Shop gehen zu Ihren Lasten. Wenn Sie von Ihrem Widerrufsrecht Gebrauch machen, wird das Produkt mit allem gelieferten Zubeh\u00f6r und &#8211; wenn m\u00f6glich &#8211; im Originalzustand und in der Originalverpackung an den Unternehmer zur\u00fcckgeschickt. Um von diesem Recht Gebrauch zu machen, kontaktieren Sie uns bitte unter info@kmagroupbv.nl. Wir erstatten Ihnen dann den f\u00e4lligen Betrag innerhalb von 14 Tagen nach Benachrichtigung \u00fcber Ihre R\u00fccksendung, sofern das Produkt bereits in einwandfreiem Zustand bei uns eingegangen ist.<\/p>\t\t\t\t\t\t\t\t<\/div>\n\t\t\t\t<\/div>\n\t\t\t\t\t<\/div>\n\t\t<\/div>\n\t\t\t\t\t<\/div>\n\t\t<\/section>\n\t\t\t\t<\/div>\n\t\t","protected":false},"excerpt":{"rendered":"<p>Sie k\u00f6nnen die Ware bis zu 14 Tage nach Erhalt kostenlos zur\u00fccksenden. Nach dem Widerruf haben Sie noch 14 Tage Zeit, Ihr Produkt zur\u00fcckzugeben. Sie erhalten dann eine Gutschrift \u00fcber den vollen Bestellbetrag einschlie\u00dflich Versandkosten. Lediglich die Kosten f\u00fcr die R\u00fccksendung an den Online-Shop gehen zu Ihren Lasten. Wenn Sie von Ihrem Widerrufsrecht Gebrauch machen, [&hellip;]<\/p>\n","protected":false},"author":3,"featured_media":0,"parent":0,"menu_order":0,"comment_status":"closed","ping_status":"closed","template":"","meta":{"_acf_changed":false,"footnotes":""},"class_list":["post-4519","page","type-page","status-publish","hentry"],"acf":[],"yoast_head":"<!-- This site is optimized with the Yoast SEO plugin v25.3.1 - https:\/\/yoast.com\/wordpress\/plugins\/seo\/ -->\n<title>R\u00fcckgabepolitik - KMA Group BV<\/title>\n<meta name=\"robots\" content=\"index, follow, max-snippet:-1, max-image-preview:large, max-video-preview:-1\" \/>\n<link rel=\"canonical\" href=\"https:\/\/www.kmagroupbv.com\/retourbeleid\/\" \/>\n<meta property=\"og:locale\" content=\"de_DE\" \/>\n<meta property=\"og:type\" content=\"article\" \/>\n<meta property=\"og:title\" content=\"R\u00fcckgabepolitik - KMA Group BV\" \/>\n<meta property=\"og:description\" content=\"Sie k\u00f6nnen die Ware bis zu 14 Tage nach Erhalt kostenlos zur\u00fccksenden. Nach dem Widerruf haben Sie noch 14 Tage Zeit, Ihr Produkt zur\u00fcckzugeben. Sie erhalten dann eine Gutschrift \u00fcber den vollen Bestellbetrag einschlie\u00dflich Versandkosten. Lediglich die Kosten f\u00fcr die R\u00fccksendung an den Online-Shop gehen zu Ihren Lasten. Wenn Sie von Ihrem Widerrufsrecht Gebrauch machen, [&hellip;]\" \/>\n<meta property=\"og:url\" content=\"https:\/\/www.kmagroupbv.com\/retourbeleid\/\" \/>\n<meta property=\"og:site_name\" content=\"KMA Group BV\" \/>\n<meta property=\"article:modified_time\" content=\"2022-10-31T13:44:46+00:00\" \/>\n<meta name=\"twitter:label1\" content=\"Gesch\u00e4tzte Lesezeit\" \/>\n\t<meta name=\"twitter:data1\" content=\"1\u00a0Minute\" \/>\n<script type=\"application\/ld+json\" class=\"yoast-schema-graph\">{\"@context\":\"https:\/\/schema.org\",\"@graph\":[{\"@type\":\"WebPage\",\"@id\":\"https:\/\/www.kmagroupbv.com\/retourbeleid\/\",\"url\":\"https:\/\/www.kmagroupbv.com\/retourbeleid\/\",\"name\":\"R\u00fcckgabepolitik - KMA Group BV\",\"isPartOf\":{\"@id\":\"https:\/\/www.kmagroupbv.com\/#website\"},\"datePublished\":\"2022-10-27T07:16:30+00:00\",\"dateModified\":\"2022-10-31T13:44:46+00:00\",\"breadcrumb\":{\"@id\":\"https:\/\/www.kmagroupbv.com\/retourbeleid\/#breadcrumb\"},\"inLanguage\":\"de\",\"potentialAction\":[{\"@type\":\"ReadAction\",\"target\":[\"https:\/\/www.kmagroupbv.com\/retourbeleid\/\"]}]},{\"@type\":\"BreadcrumbList\",\"@id\":\"https:\/\/www.kmagroupbv.com\/retourbeleid\/#breadcrumb\",\"itemListElement\":[{\"@type\":\"ListItem\",\"position\":1,\"name\":\"Home\",\"item\":\"https:\/\/www.kmagroupbv.com\/en\/\"},{\"@type\":\"ListItem\",\"position\":2,\"name\":\"R\u00fcckgabepolitik\"}]},{\"@type\":\"WebSite\",\"@id\":\"https:\/\/www.kmagroupbv.com\/#website\",\"url\":\"https:\/\/www.kmagroupbv.com\/\",\"name\":\"KMA Group BV\",\"description\":\"Industrieel textiel en brandveiligheid\",\"publisher\":{\"@id\":\"https:\/\/www.kmagroupbv.com\/#organization\"},\"potentialAction\":[{\"@type\":\"SearchAction\",\"target\":{\"@type\":\"EntryPoint\",\"urlTemplate\":\"https:\/\/www.kmagroupbv.com\/?s={search_term_string}\"},\"query-input\":{\"@type\":\"PropertyValueSpecification\",\"valueRequired\":true,\"valueName\":\"search_term_string\"}}],\"inLanguage\":\"de\"},{\"@type\":\"Organization\",\"@id\":\"https:\/\/www.kmagroupbv.com\/#organization\",\"name\":\"KMA Group BV\",\"url\":\"https:\/\/www.kmagroupbv.com\/\",\"logo\":{\"@type\":\"ImageObject\",\"inLanguage\":\"de\",\"@id\":\"https:\/\/www.kmagroupbv.com\/#\/schema\/logo\/image\/\",\"url\":\"https:\/\/www.kmagroupbv.com\/wp-content\/uploads\/2022\/02\/KMA-Logo-no-tag-line.png\",\"contentUrl\":\"https:\/\/www.kmagroupbv.com\/wp-content\/uploads\/2022\/02\/KMA-Logo-no-tag-line.png\",\"width\":551,\"height\":561,\"caption\":\"KMA Group BV\"},\"image\":{\"@id\":\"https:\/\/www.kmagroupbv.com\/#\/schema\/logo\/image\/\"}}]}<\/script>\n<!-- \/ Yoast SEO plugin. -->","yoast_head_json":{"title":"R\u00fcckgabepolitik - KMA Group BV","robots":{"index":"index","follow":"follow","max-snippet":"max-snippet:-1","max-image-preview":"max-image-preview:large","max-video-preview":"max-video-preview:-1"},"canonical":"https:\/\/www.kmagroupbv.com\/retourbeleid\/","og_locale":"de_DE","og_type":"article","og_title":"R\u00fcckgabepolitik - KMA Group BV","og_description":"Sie k\u00f6nnen die Ware bis zu 14 Tage nach Erhalt kostenlos zur\u00fccksenden. Nach dem Widerruf haben Sie noch 14 Tage Zeit, Ihr Produkt zur\u00fcckzugeben. Sie erhalten dann eine Gutschrift \u00fcber den vollen Bestellbetrag einschlie\u00dflich Versandkosten. Lediglich die Kosten f\u00fcr die R\u00fccksendung an den Online-Shop gehen zu Ihren Lasten. Wenn Sie von Ihrem Widerrufsrecht Gebrauch machen, [&hellip;]","og_url":"https:\/\/www.kmagroupbv.com\/retourbeleid\/","og_site_name":"KMA Group BV","article_modified_time":"2022-10-31T13:44:46+00:00","twitter_misc":{"Gesch\u00e4tzte Lesezeit":"1\u00a0Minute"},"schema":{"@context":"https:\/\/schema.org","@graph":[{"@type":"WebPage","@id":"https:\/\/www.kmagroupbv.com\/retourbeleid\/","url":"https:\/\/www.kmagroupbv.com\/retourbeleid\/","name":"R\u00fcckgabepolitik - KMA Group BV","isPartOf":{"@id":"https:\/\/www.kmagroupbv.com\/#website"},"datePublished":"2022-10-27T07:16:30+00:00","dateModified":"2022-10-31T13:44:46+00:00","breadcrumb":{"@id":"https:\/\/www.kmagroupbv.com\/retourbeleid\/#breadcrumb"},"inLanguage":"de","potentialAction":[{"@type":"ReadAction","target":["https:\/\/www.kmagroupbv.com\/retourbeleid\/"]}]},{"@type":"BreadcrumbList","@id":"https:\/\/www.kmagroupbv.com\/retourbeleid\/#breadcrumb","itemListElement":[{"@type":"ListItem","position":1,"name":"Home","item":"https:\/\/www.kmagroupbv.com\/en\/"},{"@type":"ListItem","position":2,"name":"R\u00fcckgabepolitik"}]},{"@type":"WebSite","@id":"https:\/\/www.kmagroupbv.com\/#website","url":"https:\/\/www.kmagroupbv.com\/","name":"KMA Group BV","description":"Industrieel textiel en brandveiligheid","publisher":{"@id":"https:\/\/www.kmagroupbv.com\/#organization"},"potentialAction":[{"@type":"SearchAction","target":{"@type":"EntryPoint","urlTemplate":"https:\/\/www.kmagroupbv.com\/?s={search_term_string}"},"query-input":{"@type":"PropertyValueSpecification","valueRequired":true,"valueName":"search_term_string"}}],"inLanguage":"de"},{"@type":"Organization","@id":"https:\/\/www.kmagroupbv.com\/#organization","name":"KMA Group BV","url":"https:\/\/www.kmagroupbv.com\/","logo":{"@type":"ImageObject","inLanguage":"de","@id":"https:\/\/www.kmagroupbv.com\/#\/schema\/logo\/image\/","url":"https:\/\/www.kmagroupbv.com\/wp-content\/uploads\/2022\/02\/KMA-Logo-no-tag-line.png","contentUrl":"https:\/\/www.kmagroupbv.com\/wp-content\/uploads\/2022\/02\/KMA-Logo-no-tag-line.png","width":551,"height":561,"caption":"KMA Group BV"},"image":{"@id":"https:\/\/www.kmagroupbv.com\/#\/schema\/logo\/image\/"}}]}},"_links":{"self":[{"href":"https:\/\/www.kmagroupbv.com\/de\/wp-json\/wp\/v2\/pages\/4519","targetHints":{"allow":["GET"]}}],"collection":[{"href":"https:\/\/www.kmagroupbv.com\/de\/wp-json\/wp\/v2\/pages"}],"about":[{"href":"https:\/\/www.kmagroupbv.com\/de\/wp-json\/wp\/v2\/types\/page"}],"author":[{"embeddable":true,"href":"https:\/\/www.kmagroupbv.com\/de\/wp-json\/wp\/v2\/users\/3"}],"replies":[{"embeddable":true,"href":"https:\/\/www.kmagroupbv.com\/de\/wp-json\/wp\/v2\/comments?post=4519"}],"version-history":[{"count":3,"href":"https:\/\/www.kmagroupbv.com\/de\/wp-json\/wp\/v2\/pages\/4519\/revisions"}],"predecessor-version":[{"id":4550,"href":"https:\/\/www.kmagroupbv.com\/de\/wp-json\/wp\/v2\/pages\/4519\/revisions\/4550"}],"wp:attachment":[{"href":"https:\/\/www.kmagroupbv.com\/de\/wp-json\/wp\/v2\/media?parent=4519"}],"curies":[{"name":"wp","href":"https:\/\/api.w.org\/{rel}","templated":true}]}}