{"id":4420,"date":"2022-10-27T08:10:24","date_gmt":"2022-10-27T06:10:24","guid":{"rendered":"https:\/\/www.kmagroupbv.com\/privacy-cookies\/"},"modified":"2022-10-27T08:25:47","modified_gmt":"2022-10-27T06:25:47","slug":"privacy-cookies","status":"publish","type":"page","link":"https:\/\/www.kmagroupbv.com\/de\/privacy-cookies\/","title":{"rendered":"Privacy &#038; Cookies"},"content":{"rendered":"\t\t<div data-elementor-type=\"wp-page\" data-elementor-id=\"4420\" class=\"elementor elementor-4420\">\n\t\t\t\t\t\t<section class=\"elementor-section elementor-top-section elementor-element elementor-element-8617a2e elementor-section-boxed elementor-section-height-default elementor-section-height-default\" data-id=\"8617a2e\" data-element_type=\"section\">\n\t\t\t\t\t\t<div class=\"elementor-container elementor-column-gap-default\">\n\t\t\t\t\t<div class=\"elementor-column elementor-col-100 elementor-top-column elementor-element elementor-element-9a58838\" data-id=\"9a58838\" data-element_type=\"column\">\n\t\t\t<div class=\"elementor-column-wrap--9a58838 elementor-widget-wrap elementor-element-populated\">\n\t\t\t\t\t\t<div class=\"elementor-element elementor-element-462eb7b elementor-widget elementor-widget-text-editor\" data-id=\"462eb7b\" data-element_type=\"widget\" data-widget_type=\"text-editor.default\">\n\t\t\t\t<div class=\"elementor-widget-container\">\n\t\t\t\t\t\t\t\t\t<p>Datenschutz &amp; Cookies<br \/>KMA GROUP BV<\/p><p>Die KMA GROUP BV mit Sitz in Hermes 14, 8448 CK Heerenveen, ist verantwortlich f\u00fcr die Verarbeitung personenbezogener Daten, wie in dieser Datenschutzerkl\u00e4rung beschrieben.<\/p><p>Kontaktangaben:<\/p><p>KMA GROUP BV<br \/>Hermes 14<br \/>8448 CK Heerenveen<br \/>+31 (0) 515 331 344<\/p><p>Jeen Waterlander ist der Datenschutzbeauftragte der KMA GROUP BV.<br \/>Sie k\u00f6nnen ihn unter jeen.waterlander@kmagroupbv.nl erreichen.<\/p><p>Pers\u00f6nliche Daten, die wir verarbeiten<\/p><p>Die KMA GROUP BV verarbeitet Ihre personenbezogenen Daten, weil Sie unsere Dienstleistungen in Anspruch nehmen und\/oder weil Sie sie uns selbst zur Verf\u00fcgung stellen.<\/p><p>Nachstehend finden Sie eine \u00dcbersicht \u00fcber die personenbezogenen Daten, die wir verarbeiten:<\/p><p>&#8211; Vor- und Nachname<br \/>&#8211; Geschlecht<br \/>&#8211; Adressdaten<br \/>&#8211; Telefon-Nummer<br \/>&#8211; E-Mail Adresse<br \/>&#8211; Angaben zum Standort<br \/>&#8211; Kontonummer<\/p><p>Besondere und\/oder sensible personenbezogene Daten, die wir verarbeiten<\/p><p>Die KMA GROUP BV verarbeitet die folgenden speziellen und\/oder sensiblen personenbezogenen Daten \u00fcber Sie:<\/p><p>&#8211; Sozialversicherungsnummer<\/p><p>Zu welchem Zweck und auf welcher Grundlage verarbeiten wir personenbezogene Daten?<\/p><p>Die KMA GROUP BV verarbeitet Ihre personenbezogenen Daten zu den folgenden Zwecken:<\/p><p>&#8211; Bearbeitung Ihrer Zahlung<\/p><p>&#8211; Zusendung unseres Newsletters und\/oder unserer Werbemappe<\/p><p>&#8211; Sie anzurufen oder Ihnen eine E-Mail zu schicken, falls dies f\u00fcr die Erbringung unserer Dienstleistungen erforderlich ist<\/p><p>&#8211; Um Sie \u00fcber \u00c4nderungen bei unseren Dienstleistungen und Produkten zu informieren<\/p><p>&#8211; um Ihnen Waren und Dienstleistungen zu liefern<\/p><p>&#8211; Die KMA GROUP BV analysiert Ihr Verhalten auf der Website, um die Website zu verbessern und das Angebot an Produkten und Dienstleistungen an Ihre Bed\u00fcrfnisse anzupassen.<\/p><p>Angebot an Produkten und Dienstleistungen auf Ihre Pr\u00e4ferenzen abzustimmen.<\/p><p>&#8211; Die KMA GROUP BV verarbeitet auch personenbezogene Daten, wenn wir gesetzlich dazu verpflichtet sind, wie z. B.<\/p><p>Informationen, die wir f\u00fcr unsere Steuererkl\u00e4rung ben\u00f6tigen.<\/p><p>Automatisierte Entscheidungsfindung<\/p><p>Die KMA GROUP BV trifft keine Entscheidungen \u00fcber Angelegenheiten, die Einzelpersonen (erheblich) beeintr\u00e4chtigen k\u00f6nnen, auf der Grundlage einer automatisierten Verarbeitung. Dabei handelt es sich um Entscheidungen, die von Computerprogrammen oder -systemen getroffen werden, ohne dass ein Mensch (z.B. ein Mitarbeiter der KMA GROUP BV) daran beteiligt ist. Die KMA GROUP BV setzt keine Computerprogramme oder -systeme ein.<\/p><p>Wie lange wir pers\u00f6nliche Daten aufbewahren<\/p><p>Die KMA GROUP BV bewahrt Ihre personenbezogenen Daten nur so lange auf, wie es f\u00fcr die Erf\u00fcllung der Zwecke, f\u00fcr die sie erhoben wurden, unbedingt erforderlich ist. Wir verwenden die folgenden Aufbewahrungsfristen f\u00fcr die folgenden (Kategorien) von personenbezogenen Daten:<\/p><p>(Kategorie)<\/p><p>Pers\u00f6nliche Daten &gt; auf unbestimmte Zeit &gt; Speicherung von Kundendaten<\/p><p>Pers\u00f6nliche Daten &gt; auf unbestimmte Zeit &gt; Aufbewahrung der Kundendaten<\/p><p>Adresse &gt; auf unbestimmte Zeit &gt; Aufbewahrung der Kundendaten<\/p><p>Usw. &gt; auf unbestimmte Zeit &gt; Aufbewahrung von Kundendaten.<\/p><p>Weitergabe pers\u00f6nlicher Daten an Dritte<\/p><p>Die KMA GROUP BV verkauft Ihre Daten nicht an Dritte und gibt sie nur weiter, wenn dies zur Erf\u00fcllung des Vertrags mit Ihnen oder zur Erf\u00fcllung einer gesetzlichen Verpflichtung erforderlich ist. Wir schlie\u00dfen mit den Unternehmen, die Ihre Daten in unserem Auftrag verarbeiten, einen Vertrag ab, um das gleiche Ma\u00df an Sicherheit und Vertraulichkeit f\u00fcr Ihre Daten zu gew\u00e4hrleisten. Die KMA GROUP BV bleibt f\u00fcr diese Verarbeitung verantwortlich.<\/p><p>Cookies oder \u00e4hnliche Techniken, die wir verwenden<\/p><p>Die KMA GROUP BV verwendet ausschlie\u00dflich technische und funktionale Cookies. Und analytische Cookies, die Ihre Privatsph\u00e4re nicht verletzen. Ein Cookie ist eine kleine Textdatei, die auf Ihrem Computer, Tablet oder Smartphone gespeichert wird, wenn Sie diese Website zum ersten Mal besuchen. Die von uns verwendeten Cookies sind f\u00fcr den technischen Betrieb der Website und Ihre Benutzerfreundlichkeit notwendig. Sie sorgen daf\u00fcr, dass die Website ordnungsgem\u00e4\u00df funktioniert und merken sich zum Beispiel Ihre Pr\u00e4ferenzen. Sie erm\u00f6glichen es uns auch, unsere Website zu optimieren. Sie k\u00f6nnen Cookies ablehnen, indem Sie Ihren Internetbrowser so einstellen, dass er keine Cookies mehr speichert. Au\u00dferdem k\u00f6nnen Sie \u00fcber die Einstellungen Ihres Browsers alle zuvor gespeicherten Informationen l\u00f6schen.<\/p><p>Einsichtnahme, Berichtigung oder L\u00f6schung von Daten<\/p><p>Sie haben das Recht, Ihre personenbezogenen Daten einzusehen, zu berichtigen oder zu l\u00f6schen. Dar\u00fcber hinaus haben Sie das Recht, Ihre eventuelle Zustimmung zur Datenverarbeitung zu widerrufen oder der Verarbeitung Ihrer personenbezogenen Daten durch die KMA GROUP BV zu widersprechen, und Sie haben das Recht auf Daten\u00fcbertragbarkeit. Das bedeutet, dass Sie bei uns beantragen k\u00f6nnen, dass die personenbezogenen Daten, die wir \u00fcber Sie in einer Computerdatei gespeichert haben, an Sie oder eine andere von Ihnen benannte Organisation \u00fcbermittelt werden.<\/p><p>Sie k\u00f6nnen einen Antrag auf Einsichtnahme, Berichtigung, L\u00f6schung, Daten\u00fcbertragbarkeit Ihrer personenbezogenen Daten oder einen Antrag auf Widerruf Ihrer Einwilligung oder Widerspruch gegen die Verarbeitung Ihrer personenbezogenen Daten an info@kmagroupbv.nl senden.<\/p><p>Um sicherzustellen, dass der Antrag auf Einsichtnahme von Ihnen stammt, bitten wir Sie, dem Antrag eine Kopie Ihres Personalausweises beizuf\u00fcgen. Schw\u00e4rzen Sie in dieser Kopie Ihr Passfoto, die MRZ (maschinenlesbare Zone, der Zahlenstreifen am unteren Rand des Passes), die Passnummer und die Sozialversicherungsnummer. Dies dient dem Schutz Ihrer Privatsph\u00e4re. Wir werden Ihre Anfrage so schnell wie m\u00f6glich, jedoch innerhalb von vier Wochen beantworten.<\/p><p>Die KMA GROUP BV m\u00f6chte Sie auch darauf hinweisen, dass Sie die M\u00f6glichkeit haben, eine Beschwerde bei der nationalen Aufsichtsbeh\u00f6rde, der Beh\u00f6rde f\u00fcr personenbezogene Daten, einzureichen. Sie k\u00f6nnen dies \u00fcber den folgenden Link tun: https:\/\/autoriteitpersoonsgegevens.nl\/nl\/contact-met-de-autoriteit-persoonsgegevens\/tip-ons<\/p><p>Wie wir personenbezogene Daten sch\u00fctzen<\/p><p>Die KMA GROUP BV nimmt den Schutz Ihrer Daten ernst und ergreift geeignete Ma\u00dfnahmen, um Missbrauch, Verlust, unbefugten Zugriff, unerw\u00fcnschte Offenlegung und unbefugte \u00c4nderung zu verhindern. Wenn Sie den Eindruck haben, dass Ihre Daten nicht ordnungsgem\u00e4\u00df gesichert sind oder es Anzeichen f\u00fcr einen Missbrauch gibt, wenden Sie sich bitte an unseren Kundendienst oder \u00fcber info@kmagroupbv.nl.<\/p><p>Haben Sie Fragen?<br \/>KMA Gruppe BVKMA Gruppe BV<br \/>0515 &#8211; 331 344<br \/>info@kmagroupbv.nl<br \/>KONTAKT<\/p>\t\t\t\t\t\t\t\t<\/div>\n\t\t\t\t<\/div>\n\t\t\t\t\t<\/div>\n\t\t<\/div>\n\t\t\t\t\t<\/div>\n\t\t<\/section>\n\t\t\t\t<\/div>\n\t\t","protected":false},"excerpt":{"rendered":"<p>Datenschutz &amp; CookiesKMA GROUP BV Die KMA GROUP BV mit Sitz in Hermes 14, 8448 CK Heerenveen, ist verantwortlich f\u00fcr die Verarbeitung personenbezogener Daten, wie in dieser Datenschutzerkl\u00e4rung beschrieben. Kontaktangaben: KMA GROUP BVHermes 148448 CK Heerenveen+31 (0) 515 331 344 Jeen Waterlander ist der Datenschutzbeauftragte der KMA GROUP BV.Sie k\u00f6nnen ihn unter jeen.waterlander@kmagroupbv.nl erreichen. Pers\u00f6nliche [&hellip;]<\/p>\n","protected":false},"author":3,"featured_media":0,"parent":0,"menu_order":0,"comment_status":"closed","ping_status":"closed","template":"","meta":{"_acf_changed":false,"footnotes":""},"class_list":["post-4420","page","type-page","status-publish","hentry"],"acf":[],"yoast_head":"<!-- This site is optimized with the Yoast SEO plugin v25.3.1 - https:\/\/yoast.com\/wordpress\/plugins\/seo\/ -->\n<title>Privacy &amp; Cookies - KMA Group BV<\/title>\n<meta name=\"robots\" content=\"index, follow, max-snippet:-1, max-image-preview:large, max-video-preview:-1\" \/>\n<link rel=\"canonical\" href=\"https:\/\/www.kmagroupbv.com\/privacy-cookies\/\" \/>\n<meta property=\"og:locale\" content=\"de_DE\" \/>\n<meta property=\"og:type\" content=\"article\" \/>\n<meta property=\"og:title\" content=\"Privacy &amp; Cookies - KMA Group BV\" \/>\n<meta property=\"og:description\" content=\"Datenschutz &amp; CookiesKMA GROUP BV Die KMA GROUP BV mit Sitz in Hermes 14, 8448 CK Heerenveen, ist verantwortlich f\u00fcr die Verarbeitung personenbezogener Daten, wie in dieser Datenschutzerkl\u00e4rung beschrieben. Kontaktangaben: KMA GROUP BVHermes 148448 CK Heerenveen+31 (0) 515 331 344 Jeen Waterlander ist der Datenschutzbeauftragte der KMA GROUP BV.Sie k\u00f6nnen ihn unter jeen.waterlander@kmagroupbv.nl erreichen. Pers\u00f6nliche [&hellip;]\" \/>\n<meta property=\"og:url\" content=\"https:\/\/www.kmagroupbv.com\/privacy-cookies\/\" \/>\n<meta property=\"og:site_name\" content=\"KMA Group BV\" \/>\n<meta property=\"article:modified_time\" content=\"2022-10-27T06:25:47+00:00\" \/>\n<meta name=\"twitter:label1\" content=\"Gesch\u00e4tzte Lesezeit\" \/>\n\t<meta name=\"twitter:data1\" content=\"5\u00a0Minuten\" \/>\n<script type=\"application\/ld+json\" class=\"yoast-schema-graph\">{\"@context\":\"https:\/\/schema.org\",\"@graph\":[{\"@type\":\"WebPage\",\"@id\":\"https:\/\/www.kmagroupbv.com\/privacy-cookies\/\",\"url\":\"https:\/\/www.kmagroupbv.com\/privacy-cookies\/\",\"name\":\"Privacy & Cookies - KMA Group BV\",\"isPartOf\":{\"@id\":\"https:\/\/www.kmagroupbv.com\/#website\"},\"datePublished\":\"2022-10-27T06:10:24+00:00\",\"dateModified\":\"2022-10-27T06:25:47+00:00\",\"breadcrumb\":{\"@id\":\"https:\/\/www.kmagroupbv.com\/privacy-cookies\/#breadcrumb\"},\"inLanguage\":\"de\",\"potentialAction\":[{\"@type\":\"ReadAction\",\"target\":[\"https:\/\/www.kmagroupbv.com\/privacy-cookies\/\"]}]},{\"@type\":\"BreadcrumbList\",\"@id\":\"https:\/\/www.kmagroupbv.com\/privacy-cookies\/#breadcrumb\",\"itemListElement\":[{\"@type\":\"ListItem\",\"position\":1,\"name\":\"Home\",\"item\":\"https:\/\/www.kmagroupbv.com\/en\/\"},{\"@type\":\"ListItem\",\"position\":2,\"name\":\"Privacy &#038; Cookies\"}]},{\"@type\":\"WebSite\",\"@id\":\"https:\/\/www.kmagroupbv.com\/#website\",\"url\":\"https:\/\/www.kmagroupbv.com\/\",\"name\":\"KMA Group BV\",\"description\":\"Industrieel textiel en brandveiligheid\",\"publisher\":{\"@id\":\"https:\/\/www.kmagroupbv.com\/#organization\"},\"potentialAction\":[{\"@type\":\"SearchAction\",\"target\":{\"@type\":\"EntryPoint\",\"urlTemplate\":\"https:\/\/www.kmagroupbv.com\/?s={search_term_string}\"},\"query-input\":{\"@type\":\"PropertyValueSpecification\",\"valueRequired\":true,\"valueName\":\"search_term_string\"}}],\"inLanguage\":\"de\"},{\"@type\":\"Organization\",\"@id\":\"https:\/\/www.kmagroupbv.com\/#organization\",\"name\":\"KMA Group BV\",\"url\":\"https:\/\/www.kmagroupbv.com\/\",\"logo\":{\"@type\":\"ImageObject\",\"inLanguage\":\"de\",\"@id\":\"https:\/\/www.kmagroupbv.com\/#\/schema\/logo\/image\/\",\"url\":\"https:\/\/www.kmagroupbv.com\/wp-content\/uploads\/2022\/02\/KMA-Logo-no-tag-line.png\",\"contentUrl\":\"https:\/\/www.kmagroupbv.com\/wp-content\/uploads\/2022\/02\/KMA-Logo-no-tag-line.png\",\"width\":551,\"height\":561,\"caption\":\"KMA Group BV\"},\"image\":{\"@id\":\"https:\/\/www.kmagroupbv.com\/#\/schema\/logo\/image\/\"}}]}<\/script>\n<!-- \/ Yoast SEO plugin. -->","yoast_head_json":{"title":"Privacy & Cookies - KMA Group BV","robots":{"index":"index","follow":"follow","max-snippet":"max-snippet:-1","max-image-preview":"max-image-preview:large","max-video-preview":"max-video-preview:-1"},"canonical":"https:\/\/www.kmagroupbv.com\/privacy-cookies\/","og_locale":"de_DE","og_type":"article","og_title":"Privacy & Cookies - KMA Group BV","og_description":"Datenschutz &amp; CookiesKMA GROUP BV Die KMA GROUP BV mit Sitz in Hermes 14, 8448 CK Heerenveen, ist verantwortlich f\u00fcr die Verarbeitung personenbezogener Daten, wie in dieser Datenschutzerkl\u00e4rung beschrieben. Kontaktangaben: KMA GROUP BVHermes 148448 CK Heerenveen+31 (0) 515 331 344 Jeen Waterlander ist der Datenschutzbeauftragte der KMA GROUP BV.Sie k\u00f6nnen ihn unter jeen.waterlander@kmagroupbv.nl erreichen. Pers\u00f6nliche [&hellip;]","og_url":"https:\/\/www.kmagroupbv.com\/privacy-cookies\/","og_site_name":"KMA Group BV","article_modified_time":"2022-10-27T06:25:47+00:00","twitter_misc":{"Gesch\u00e4tzte Lesezeit":"5\u00a0Minuten"},"schema":{"@context":"https:\/\/schema.org","@graph":[{"@type":"WebPage","@id":"https:\/\/www.kmagroupbv.com\/privacy-cookies\/","url":"https:\/\/www.kmagroupbv.com\/privacy-cookies\/","name":"Privacy & Cookies - KMA Group BV","isPartOf":{"@id":"https:\/\/www.kmagroupbv.com\/#website"},"datePublished":"2022-10-27T06:10:24+00:00","dateModified":"2022-10-27T06:25:47+00:00","breadcrumb":{"@id":"https:\/\/www.kmagroupbv.com\/privacy-cookies\/#breadcrumb"},"inLanguage":"de","potentialAction":[{"@type":"ReadAction","target":["https:\/\/www.kmagroupbv.com\/privacy-cookies\/"]}]},{"@type":"BreadcrumbList","@id":"https:\/\/www.kmagroupbv.com\/privacy-cookies\/#breadcrumb","itemListElement":[{"@type":"ListItem","position":1,"name":"Home","item":"https:\/\/www.kmagroupbv.com\/en\/"},{"@type":"ListItem","position":2,"name":"Privacy &#038; Cookies"}]},{"@type":"WebSite","@id":"https:\/\/www.kmagroupbv.com\/#website","url":"https:\/\/www.kmagroupbv.com\/","name":"KMA Group BV","description":"Industrieel textiel en brandveiligheid","publisher":{"@id":"https:\/\/www.kmagroupbv.com\/#organization"},"potentialAction":[{"@type":"SearchAction","target":{"@type":"EntryPoint","urlTemplate":"https:\/\/www.kmagroupbv.com\/?s={search_term_string}"},"query-input":{"@type":"PropertyValueSpecification","valueRequired":true,"valueName":"search_term_string"}}],"inLanguage":"de"},{"@type":"Organization","@id":"https:\/\/www.kmagroupbv.com\/#organization","name":"KMA Group BV","url":"https:\/\/www.kmagroupbv.com\/","logo":{"@type":"ImageObject","inLanguage":"de","@id":"https:\/\/www.kmagroupbv.com\/#\/schema\/logo\/image\/","url":"https:\/\/www.kmagroupbv.com\/wp-content\/uploads\/2022\/02\/KMA-Logo-no-tag-line.png","contentUrl":"https:\/\/www.kmagroupbv.com\/wp-content\/uploads\/2022\/02\/KMA-Logo-no-tag-line.png","width":551,"height":561,"caption":"KMA Group BV"},"image":{"@id":"https:\/\/www.kmagroupbv.com\/#\/schema\/logo\/image\/"}}]}},"_links":{"self":[{"href":"https:\/\/www.kmagroupbv.com\/de\/wp-json\/wp\/v2\/pages\/4420","targetHints":{"allow":["GET"]}}],"collection":[{"href":"https:\/\/www.kmagroupbv.com\/de\/wp-json\/wp\/v2\/pages"}],"about":[{"href":"https:\/\/www.kmagroupbv.com\/de\/wp-json\/wp\/v2\/types\/page"}],"author":[{"embeddable":true,"href":"https:\/\/www.kmagroupbv.com\/de\/wp-json\/wp\/v2\/users\/3"}],"replies":[{"embeddable":true,"href":"https:\/\/www.kmagroupbv.com\/de\/wp-json\/wp\/v2\/comments?post=4420"}],"version-history":[{"count":3,"href":"https:\/\/www.kmagroupbv.com\/de\/wp-json\/wp\/v2\/pages\/4420\/revisions"}],"predecessor-version":[{"id":4423,"href":"https:\/\/www.kmagroupbv.com\/de\/wp-json\/wp\/v2\/pages\/4420\/revisions\/4423"}],"wp:attachment":[{"href":"https:\/\/www.kmagroupbv.com\/de\/wp-json\/wp\/v2\/media?parent=4420"}],"curies":[{"name":"wp","href":"https:\/\/api.w.org\/{rel}","templated":true}]}}