{"id":2522,"date":"2022-02-16T09:12:49","date_gmt":"2022-02-16T08:12:49","guid":{"rendered":"https:\/\/www.kmagroupbv.com\/homepage\/"},"modified":"2024-04-08T08:55:06","modified_gmt":"2024-04-08T06:55:06","slug":"homepage","status":"publish","type":"page","link":"https:\/\/www.kmagroupbv.com\/de\/","title":{"rendered":"Homepage"},"content":{"rendered":"\t\t<div data-elementor-type=\"wp-page\" data-elementor-id=\"2522\" class=\"elementor elementor-2522\">\n\t\t\t\t\t\t<section class=\"elementor-section elementor-top-section elementor-element elementor-element-da3a2db rey-section-stretched rey-section-bg--classic elementor-section-boxed elementor-section-height-default elementor-section-height-default\" data-id=\"da3a2db\" data-element_type=\"section\" data-settings=\"{&quot;background_background&quot;:&quot;classic&quot;}\">\n\t\t\t\t\t\t\t<div class=\"elementor-background-overlay\"><\/div>\n\t\t\t\t\t\t\t<div class=\"elementor-container elementor-column-gap-no\">\n\t\t\t\t\t<div class=\"elementor-column elementor-col-100 elementor-top-column elementor-element elementor-element-320f970\" data-id=\"320f970\" data-element_type=\"column\">\n\t\t\t<div class=\"elementor-column-wrap--320f970 elementor-widget-wrap elementor-element-populated\">\n\t\t\t\t\t\t<div class=\"elementor-element elementor-element-349903b elementor-widget elementor-widget-spacer\" data-id=\"349903b\" data-element_type=\"widget\" data-widget_type=\"spacer.default\">\n\t\t\t\t<div class=\"elementor-widget-container\">\n\t\t\t\t\t\t\t<div class=\"elementor-spacer\">\n\t\t\t<div class=\"elementor-spacer-inner\"><\/div>\n\t\t<\/div>\n\t\t\t\t\t\t<\/div>\n\t\t\t\t<\/div>\n\t\t\t\t<div class=\"elementor-element elementor-element-be81b17 elementor-widget elementor-widget-heading\" data-id=\"be81b17\" data-element_type=\"widget\" data-widget_type=\"heading.default\">\n\t\t\t\t<div class=\"elementor-widget-container\">\n\t\t\t\t\t<h1 class=\"elementor-heading-title elementor-size-default\">INNOVATE - CREATE - PROTECT<\/h1>\t\t\t\t<\/div>\n\t\t\t\t<\/div>\n\t\t\t\t<div class=\"elementor-element elementor-element-f21c90f elementor-widget elementor-widget-spacer\" data-id=\"f21c90f\" data-element_type=\"widget\" data-widget_type=\"spacer.default\">\n\t\t\t\t<div class=\"elementor-widget-container\">\n\t\t\t\t\t\t\t<div class=\"elementor-spacer\">\n\t\t\t<div class=\"elementor-spacer-inner\"><\/div>\n\t\t<\/div>\n\t\t\t\t\t\t<\/div>\n\t\t\t\t<\/div>\n\t\t\t\t<div class=\"elementor-element elementor-element-34f928f elementor-widget__width-initial elementor-widget elementor-widget-reycore-hoverbox-distortion\" data-id=\"34f928f\" data-element_type=\"widget\" data-widget_type=\"reycore-hoverbox-distortion.default\">\n\t\t\t\t<div class=\"elementor-widget-container\">\n\t\t\t\t\t<div class=\"rey-hoverBox \" data-state=\"none\" data-css-tr=\"\">\n\t\t<div class=\"__text\">\n\n\t\t\t<h3 class=\"__textTop __hoverItem top-caption--always \">KMA TEXTILES<\/h3><p class=\"__text2 __hoverItem captions--always \">Bei KMA Textiles dreht sich alles um individuelle Textilprodukte, die h\u00f6chste Qualit\u00e4tsstandards erf\u00fcllen. Wir liefern Produkte, die perfekt zu Ihren spezifischen Bed\u00fcrfnissen und Anforderungen passen.<\/p><div class=\"__btn __hoverItem captions--always \"><a href=\"https:\/\/www.kmatextiles.com\/\" class=\"btn btn-primary-outline btn-dash\">Besuchen Sie die Website<\/a>\n\t\t\t\t<\/div>\n\t\t\t\n\t\t<\/div>\n\t\t<\/div>\t\t\t\t<\/div>\n\t\t\t\t<\/div>\n\t\t\t\t<div class=\"elementor-element elementor-element-182b29b elementor-widget__width-initial elementor-widget elementor-widget-reycore-hoverbox-distortion\" data-id=\"182b29b\" data-element_type=\"widget\" data-widget_type=\"reycore-hoverbox-distortion.default\">\n\t\t\t\t<div class=\"elementor-widget-container\">\n\t\t\t\t\t<div class=\"rey-hoverBox \" data-state=\"none\" data-css-tr=\"\">\n\t\t<div class=\"__text\">\n\n\t\t\t<h3 class=\"__textTop __hoverItem top-caption--always \">LION FIRE SAFETY<\/h3><p class=\"__text2 __hoverItem captions--always \">Lion Fire Safety bietet erstklassigen Brandschutz. Von der Pr\u00e4vention bis zur aktiven Kontrolle: Wir sorgen daf\u00fcr, dass neue Technologien sicher eingesetzt werden k\u00f6nnen. F\u00fcr eine brandsichere Zukunft!<\/p><div class=\"__btn __hoverItem captions--always \"><a href=\"https:\/\/www.lion-firesafety.com\/\" class=\"btn btn-primary-outline btn-dash\">Besuchen Sie die Website<\/a>\n\t\t\t\t<\/div>\n\t\t\t\n\t\t<\/div>\n\t\t<\/div>\t\t\t\t<\/div>\n\t\t\t\t<\/div>\n\t\t\t\t<div class=\"elementor-element elementor-element-8c8fe74 elementor-widget elementor-widget-spacer\" data-id=\"8c8fe74\" data-element_type=\"widget\" data-widget_type=\"spacer.default\">\n\t\t\t\t<div class=\"elementor-widget-container\">\n\t\t\t\t\t\t\t<div class=\"elementor-spacer\">\n\t\t\t<div class=\"elementor-spacer-inner\"><\/div>\n\t\t<\/div>\n\t\t\t\t\t\t<\/div>\n\t\t\t\t<\/div>\n\t\t\t\t<div class=\"elementor-element elementor-element-7e4b59d elementor-widget elementor-widget-spacer\" data-id=\"7e4b59d\" data-element_type=\"widget\" data-widget_type=\"spacer.default\">\n\t\t\t\t<div class=\"elementor-widget-container\">\n\t\t\t\t\t\t\t<div class=\"elementor-spacer\">\n\t\t\t<div class=\"elementor-spacer-inner\"><\/div>\n\t\t<\/div>\n\t\t\t\t\t\t<\/div>\n\t\t\t\t<\/div>\n\t\t\t\t\t<\/div>\n\t\t<\/div>\n\t\t\t\t\t<\/div>\n\t\t<\/section>\n\t\t\t\t<\/div>\n\t\t","protected":false},"excerpt":{"rendered":"<p>INNOVATE &#8211; CREATE &#8211; PROTECT KMA TEXTILES Bei KMA Textiles dreht sich alles um individuelle Textilprodukte, die h\u00f6chste Qualit\u00e4tsstandards erf\u00fcllen. Wir liefern Produkte, die perfekt zu Ihren spezifischen Bed\u00fcrfnissen und Anforderungen passen. Besuchen Sie die Website LION FIRE SAFETY Lion Fire Safety bietet erstklassigen Brandschutz. Von der Pr\u00e4vention bis zur aktiven Kontrolle: Wir sorgen daf\u00fcr, [&hellip;]<\/p>\n","protected":false},"author":1,"featured_media":1420,"parent":0,"menu_order":0,"comment_status":"closed","ping_status":"closed","template":"","meta":{"_acf_changed":false,"footnotes":""},"class_list":["post-2522","page","type-page","status-publish","has-post-thumbnail","hentry"],"acf":[],"yoast_head":"<!-- This site is optimized with the Yoast SEO plugin v25.3.1 - https:\/\/yoast.com\/wordpress\/plugins\/seo\/ -->\n<title>Homepage - KMA Group BV<\/title>\n<meta name=\"description\" content=\"Seit 1866. Industrielle Textilien und Feuerschutzl\u00f6sungen. Vertreiber von Lith-Ex-Feuerl\u00f6schern und Intelagard CAFS. KMA entwickelt die besten Schutzl\u00f6sungen. Unsere Spezialgebiete sind industrielle Textilien, Brandschutz und Dekontamination.\" \/>\n<meta name=\"robots\" content=\"index, follow, max-snippet:-1, max-image-preview:large, max-video-preview:-1\" \/>\n<link rel=\"canonical\" href=\"https:\/\/www.kmagroupbv.com\/en\/\" \/>\n<meta property=\"og:locale\" content=\"de_DE\" \/>\n<meta property=\"og:type\" content=\"article\" \/>\n<meta property=\"og:title\" content=\"Homepage - KMA Group BV\" \/>\n<meta property=\"og:description\" content=\"Seit 1866. Industrielle Textilien und Feuerschutzl\u00f6sungen. Vertreiber von Lith-Ex-Feuerl\u00f6schern und Intelagard CAFS. KMA entwickelt die besten Schutzl\u00f6sungen. Unsere Spezialgebiete sind industrielle Textilien, Brandschutz und Dekontamination.\" \/>\n<meta property=\"og:url\" content=\"https:\/\/www.kmagroupbv.com\/en\/\" \/>\n<meta property=\"og:site_name\" content=\"KMA Group BV\" \/>\n<meta property=\"article:modified_time\" content=\"2024-04-08T06:55:06+00:00\" \/>\n<meta property=\"og:image\" content=\"https:\/\/www.kmagroupbv.com\/wp-content\/uploads\/2022\/02\/KMA-Logo-no-tag-line.png\" \/>\n\t<meta property=\"og:image:width\" content=\"551\" \/>\n\t<meta property=\"og:image:height\" content=\"561\" \/>\n\t<meta property=\"og:image:type\" content=\"image\/png\" \/>\n<meta name=\"twitter:label1\" content=\"Gesch\u00e4tzte Lesezeit\" \/>\n\t<meta name=\"twitter:data1\" content=\"1\u00a0Minute\" \/>\n<script type=\"application\/ld+json\" class=\"yoast-schema-graph\">{\"@context\":\"https:\/\/schema.org\",\"@graph\":[{\"@type\":\"WebPage\",\"@id\":\"https:\/\/www.kmagroupbv.com\/en\/\",\"url\":\"https:\/\/www.kmagroupbv.com\/en\/\",\"name\":\"Homepage - KMA Group BV\",\"isPartOf\":{\"@id\":\"https:\/\/www.kmagroupbv.com\/#website\"},\"primaryImageOfPage\":{\"@id\":\"https:\/\/www.kmagroupbv.com\/en\/#primaryimage\"},\"image\":{\"@id\":\"https:\/\/www.kmagroupbv.com\/en\/#primaryimage\"},\"thumbnailUrl\":\"https:\/\/www.kmagroupbv.com\/wp-content\/uploads\/2022\/02\/KMA-Logo-no-tag-line.png\",\"datePublished\":\"2022-02-16T08:12:49+00:00\",\"dateModified\":\"2024-04-08T06:55:06+00:00\",\"description\":\"Seit 1866. Industrielle Textilien und Feuerschutzl\u00f6sungen. Vertreiber von Lith-Ex-Feuerl\u00f6schern und Intelagard CAFS. KMA entwickelt die besten Schutzl\u00f6sungen. Unsere Spezialgebiete sind industrielle Textilien, Brandschutz und Dekontamination.\",\"breadcrumb\":{\"@id\":\"https:\/\/www.kmagroupbv.com\/en\/#breadcrumb\"},\"inLanguage\":\"de\",\"potentialAction\":[{\"@type\":\"ReadAction\",\"target\":[\"https:\/\/www.kmagroupbv.com\/en\/\"]}]},{\"@type\":\"ImageObject\",\"inLanguage\":\"de\",\"@id\":\"https:\/\/www.kmagroupbv.com\/en\/#primaryimage\",\"url\":\"https:\/\/www.kmagroupbv.com\/wp-content\/uploads\/2022\/02\/KMA-Logo-no-tag-line.png\",\"contentUrl\":\"https:\/\/www.kmagroupbv.com\/wp-content\/uploads\/2022\/02\/KMA-Logo-no-tag-line.png\",\"width\":551,\"height\":561,\"caption\":\"KMA Group\"},{\"@type\":\"BreadcrumbList\",\"@id\":\"https:\/\/www.kmagroupbv.com\/en\/#breadcrumb\",\"itemListElement\":[{\"@type\":\"ListItem\",\"position\":1,\"name\":\"Home\",\"item\":\"https:\/\/www.kmagroupbv.com\/en\/\"},{\"@type\":\"ListItem\",\"position\":2,\"name\":\"Homepage\"}]},{\"@type\":\"WebSite\",\"@id\":\"https:\/\/www.kmagroupbv.com\/#website\",\"url\":\"https:\/\/www.kmagroupbv.com\/\",\"name\":\"KMA Group BV\",\"description\":\"Industrieel textiel en brandveiligheid\",\"publisher\":{\"@id\":\"https:\/\/www.kmagroupbv.com\/#organization\"},\"potentialAction\":[{\"@type\":\"SearchAction\",\"target\":{\"@type\":\"EntryPoint\",\"urlTemplate\":\"https:\/\/www.kmagroupbv.com\/?s={search_term_string}\"},\"query-input\":{\"@type\":\"PropertyValueSpecification\",\"valueRequired\":true,\"valueName\":\"search_term_string\"}}],\"inLanguage\":\"de\"},{\"@type\":\"Organization\",\"@id\":\"https:\/\/www.kmagroupbv.com\/#organization\",\"name\":\"KMA Group BV\",\"url\":\"https:\/\/www.kmagroupbv.com\/\",\"logo\":{\"@type\":\"ImageObject\",\"inLanguage\":\"de\",\"@id\":\"https:\/\/www.kmagroupbv.com\/#\/schema\/logo\/image\/\",\"url\":\"https:\/\/www.kmagroupbv.com\/wp-content\/uploads\/2022\/02\/KMA-Logo-no-tag-line.png\",\"contentUrl\":\"https:\/\/www.kmagroupbv.com\/wp-content\/uploads\/2022\/02\/KMA-Logo-no-tag-line.png\",\"width\":551,\"height\":561,\"caption\":\"KMA Group BV\"},\"image\":{\"@id\":\"https:\/\/www.kmagroupbv.com\/#\/schema\/logo\/image\/\"}}]}<\/script>\n<!-- \/ Yoast SEO plugin. -->","yoast_head_json":{"title":"Homepage - KMA Group BV","description":"Seit 1866. Industrielle Textilien und Feuerschutzl\u00f6sungen. Vertreiber von Lith-Ex-Feuerl\u00f6schern und Intelagard CAFS. KMA entwickelt die besten Schutzl\u00f6sungen. Unsere Spezialgebiete sind industrielle Textilien, Brandschutz und Dekontamination.","robots":{"index":"index","follow":"follow","max-snippet":"max-snippet:-1","max-image-preview":"max-image-preview:large","max-video-preview":"max-video-preview:-1"},"canonical":"https:\/\/www.kmagroupbv.com\/en\/","og_locale":"de_DE","og_type":"article","og_title":"Homepage - KMA Group BV","og_description":"Seit 1866. Industrielle Textilien und Feuerschutzl\u00f6sungen. Vertreiber von Lith-Ex-Feuerl\u00f6schern und Intelagard CAFS. KMA entwickelt die besten Schutzl\u00f6sungen. Unsere Spezialgebiete sind industrielle Textilien, Brandschutz und Dekontamination.","og_url":"https:\/\/www.kmagroupbv.com\/en\/","og_site_name":"KMA Group BV","article_modified_time":"2024-04-08T06:55:06+00:00","og_image":[{"width":551,"height":561,"url":"https:\/\/www.kmagroupbv.com\/wp-content\/uploads\/2022\/02\/KMA-Logo-no-tag-line.png","type":"image\/png"}],"twitter_misc":{"Gesch\u00e4tzte Lesezeit":"1\u00a0Minute"},"schema":{"@context":"https:\/\/schema.org","@graph":[{"@type":"WebPage","@id":"https:\/\/www.kmagroupbv.com\/en\/","url":"https:\/\/www.kmagroupbv.com\/en\/","name":"Homepage - KMA Group BV","isPartOf":{"@id":"https:\/\/www.kmagroupbv.com\/#website"},"primaryImageOfPage":{"@id":"https:\/\/www.kmagroupbv.com\/en\/#primaryimage"},"image":{"@id":"https:\/\/www.kmagroupbv.com\/en\/#primaryimage"},"thumbnailUrl":"https:\/\/www.kmagroupbv.com\/wp-content\/uploads\/2022\/02\/KMA-Logo-no-tag-line.png","datePublished":"2022-02-16T08:12:49+00:00","dateModified":"2024-04-08T06:55:06+00:00","description":"Seit 1866. Industrielle Textilien und Feuerschutzl\u00f6sungen. Vertreiber von Lith-Ex-Feuerl\u00f6schern und Intelagard CAFS. KMA entwickelt die besten Schutzl\u00f6sungen. Unsere Spezialgebiete sind industrielle Textilien, Brandschutz und Dekontamination.","breadcrumb":{"@id":"https:\/\/www.kmagroupbv.com\/en\/#breadcrumb"},"inLanguage":"de","potentialAction":[{"@type":"ReadAction","target":["https:\/\/www.kmagroupbv.com\/en\/"]}]},{"@type":"ImageObject","inLanguage":"de","@id":"https:\/\/www.kmagroupbv.com\/en\/#primaryimage","url":"https:\/\/www.kmagroupbv.com\/wp-content\/uploads\/2022\/02\/KMA-Logo-no-tag-line.png","contentUrl":"https:\/\/www.kmagroupbv.com\/wp-content\/uploads\/2022\/02\/KMA-Logo-no-tag-line.png","width":551,"height":561,"caption":"KMA Group"},{"@type":"BreadcrumbList","@id":"https:\/\/www.kmagroupbv.com\/en\/#breadcrumb","itemListElement":[{"@type":"ListItem","position":1,"name":"Home","item":"https:\/\/www.kmagroupbv.com\/en\/"},{"@type":"ListItem","position":2,"name":"Homepage"}]},{"@type":"WebSite","@id":"https:\/\/www.kmagroupbv.com\/#website","url":"https:\/\/www.kmagroupbv.com\/","name":"KMA Group BV","description":"Industrieel textiel en brandveiligheid","publisher":{"@id":"https:\/\/www.kmagroupbv.com\/#organization"},"potentialAction":[{"@type":"SearchAction","target":{"@type":"EntryPoint","urlTemplate":"https:\/\/www.kmagroupbv.com\/?s={search_term_string}"},"query-input":{"@type":"PropertyValueSpecification","valueRequired":true,"valueName":"search_term_string"}}],"inLanguage":"de"},{"@type":"Organization","@id":"https:\/\/www.kmagroupbv.com\/#organization","name":"KMA Group BV","url":"https:\/\/www.kmagroupbv.com\/","logo":{"@type":"ImageObject","inLanguage":"de","@id":"https:\/\/www.kmagroupbv.com\/#\/schema\/logo\/image\/","url":"https:\/\/www.kmagroupbv.com\/wp-content\/uploads\/2022\/02\/KMA-Logo-no-tag-line.png","contentUrl":"https:\/\/www.kmagroupbv.com\/wp-content\/uploads\/2022\/02\/KMA-Logo-no-tag-line.png","width":551,"height":561,"caption":"KMA Group BV"},"image":{"@id":"https:\/\/www.kmagroupbv.com\/#\/schema\/logo\/image\/"}}]}},"_links":{"self":[{"href":"https:\/\/www.kmagroupbv.com\/de\/wp-json\/wp\/v2\/pages\/2522","targetHints":{"allow":["GET"]}}],"collection":[{"href":"https:\/\/www.kmagroupbv.com\/de\/wp-json\/wp\/v2\/pages"}],"about":[{"href":"https:\/\/www.kmagroupbv.com\/de\/wp-json\/wp\/v2\/types\/page"}],"author":[{"embeddable":true,"href":"https:\/\/www.kmagroupbv.com\/de\/wp-json\/wp\/v2\/users\/1"}],"replies":[{"embeddable":true,"href":"https:\/\/www.kmagroupbv.com\/de\/wp-json\/wp\/v2\/comments?post=2522"}],"version-history":[{"count":97,"href":"https:\/\/www.kmagroupbv.com\/de\/wp-json\/wp\/v2\/pages\/2522\/revisions"}],"predecessor-version":[{"id":9537,"href":"https:\/\/www.kmagroupbv.com\/de\/wp-json\/wp\/v2\/pages\/2522\/revisions\/9537"}],"wp:featuredmedia":[{"embeddable":true,"href":"https:\/\/www.kmagroupbv.com\/de\/wp-json\/wp\/v2\/media\/1420"}],"wp:attachment":[{"href":"https:\/\/www.kmagroupbv.com\/de\/wp-json\/wp\/v2\/media?parent=2522"}],"curies":[{"name":"wp","href":"https:\/\/api.w.org\/{rel}","templated":true}]}}